{"id":3914,"date":"2022-03-13T12:03:40","date_gmt":"2022-03-13T11:03:40","guid":{"rendered":"https:\/\/www.vlierhof.org\/?page_id=3914"},"modified":"2025-01-29T15:32:49","modified_gmt":"2025-01-29T14:32:49","slug":"hans-reintjes","status":"publish","type":"page","link":"https:\/\/www.vlierhof.org\/de\/community\/team\/hans-reintjes\/","title":{"rendered":"Hans Reintjes"},"content":{"rendered":"<div data-colibri-id=\"3914-c1\" class=\"style-2169 style-local-3914-c1 position-relative\">\r\n  <!---->\r\n  <div data-colibri-component=\"section\" data-colibri-id=\"3914-c2\" id=\"reusable-sections-5\" class=\"h-section h-section-global-spacing d-flex align-items-lg-center align-items-md-center align-items-center style-2170 style-local-3914-c2 position-relative\">\r\n    <!---->\r\n    <!---->\r\n    <div class=\"h-section-grid-container h-section-boxed-container\">\r\n      <!---->\r\n      <div data-colibri-id=\"3914-c3\" class=\"h-row-container gutters-row-lg-2 gutters-row-md-2 gutters-row-0 gutters-row-v-lg-2 gutters-row-v-md-2 gutters-row-v-2 style-2171 style-local-3914-c3 position-relative\">\r\n        <!---->\r\n        <div class=\"h-row justify-content-lg-center justify-content-md-center justify-content-center align-items-lg-stretch align-items-md-stretch align-items-stretch gutters-col-lg-2 gutters-col-md-2 gutters-col-0 gutters-col-v-lg-2 gutters-col-v-md-2 gutters-col-v-2\">\r\n          <!---->\r\n          <div class=\"h-column h-column-container d-flex h-col-lg-auto h-col-md-auto h-col-auto style-2172-outer style-local-3914-c4-outer\">\r\n            <div data-colibri-id=\"3914-c4\" class=\"d-flex h-flex-basis h-column__inner h-px-lg-0 h-px-md-0 h-px-0 v-inner-lg-2 v-inner-md-2 v-inner-2 style-2172 style-local-3914-c4 position-relative\">\r\n              <!---->\r\n              <!---->\r\n              <div class=\"w-100 h-y-container h-column__content h-column__v-align flex-basis-100 align-self-lg-start align-self-md-start align-self-start\">\r\n                <!---->\r\n                <div data-colibri-id=\"3914-c5\" class=\"h-global-transition-all h-heading style-2173 style-local-3914-c5 position-relative h-element\">\r\n                  <!---->\r\n                  <div class=\"h-heading__outer style-2173 style-local-3914-c5\">\r\n                    <!---->\r\n                    <!---->\r\n                    <h5 class=\"\">Finanzen, Marketing &amp; Freiwillige<\/h5>\r\n                  <\/div>\r\n                <\/div>\r\n                <div data-colibri-id=\"3914-c6\" class=\"h-global-transition-all h-heading style-2174 style-local-3914-c6 position-relative h-element\">\r\n                  <!---->\r\n                  <div class=\"h-heading__outer style-2174 style-local-3914-c6\">\r\n                    <!---->\r\n                    <!---->\r\n                    <h6 class=\"\">Hallo hallo,\r\n                      <br>\r\n                      <br>F\u00fcr mich ist Vlierhof gleichbedeutend mit Willkommen. Dies habe ich in den letzten Jahren als Freiwilliger und Teilnehmer an Versammlungen und Workshops erlebt. Ende 2023 wurde Platz f\u00fcr einen neuen Bewohner frei und ich begab mich auf das Vlierhof-Abenteuer, dem Wunsch folgend, Teil von etwas zu sein, das gr\u00f6\u00dfer ist als ich selbst. Gemeinsam leben und gestalten in aller Offenheit, mit Respekt und im Vertrauen. Bewusste Entscheidungen hinsichtlich unseres Fu\u00dfabdrucks auf der Erde treffen.\r\n                      <br>\r\n                      <br> Kurz gesagt: In den letzten Jahren habe ich als Musiklehrer an einer Real-Schule gearbeitet, als bodyworker in meiner Praxis und habe einen kleinen Planenmacherei gegr\u00fcndet. Ich absolvierte das Rebalancing-Training und entwickelte mich anschlie\u00dfend auf der Grundlage der Seinsorientierung weiter. Ich bin von einem Eckhaus auf ein Segelschiff umgezogen und nun nach Vlierhof. Vor allem bin ich Maans Vater, Vater in der Entwicklung.\r\n                      <br>\r\n                      <br>Ich sp\u00fcre schon lange eine Mission in mir. Mit der Wahl von Vlierhof wird dies immer deutlicher. Heraustreten und Sichtbarwerden im Arbeiten aus dem vorhandenen Freiraum. Eine Mission, nur um uns selbst und einander an etwas zu erinnern, das wir vergessen haben. Wir sind bereits frei, wir sind bereits im Grunde verbunden, unsere Seele ist unbesch\u00e4digt\u2026.\r\n                      <br>\r\n                      <br>Jeden Tag wache ich auf und erinnere mich daran, dass ich aus meiner freien Natur heraus mit Mitgef\u00fchl f\u00fcr mich selbst und andere leben m\u00f6chte.\r\n                      <br>\r\n                      <br> W\u00fcrde mich freuen, Sie im Vlierhof zu sehen,\r\n                      <br>\r\n                      <br>Hans<\/h6>\r\n                  <\/div>\r\n                <\/div>\r\n              <\/div>\r\n            <\/div>\r\n          <\/div>\r\n          <div class=\"h-column h-column-container d-flex h-col-lg-auto h-col-md-auto h-col-auto style-2175-outer style-local-3914-c7-outer\">\r\n            <div data-colibri-id=\"3914-c7\" class=\"d-flex h-flex-basis h-column__inner h-ui-empty-state-container h-px-lg-2 h-px-md-2 h-px-2 v-inner-lg-2 v-inner-md-2 v-inner-2 style-2175 style-local-3914-c7 position-relative\">\r\n              <!---->\r\n              <!---->\r\n              <div class=\"w-100 h-y-container h-column__content h-column__v-align flex-basis-100\">\r\n                <!---->\r\n              <\/div>\r\n            <\/div>\r\n          <\/div>\r\n        <\/div>\r\n      <\/div>\r\n    <\/div>\r\n  <\/div>\r\n<\/div>","protected":false},"excerpt":{"rendered":"<p>Finance, Marketing &amp; Volunteers Hallo allemaal, Voor mij staat Vlierhof gelijk aan welkom. Dit heb ik de laatste jaren al mogen ervaren als vrijwilliger en deelnemer van de gatherings en [&hellip;]<\/p>\n","protected":false},"author":2,"featured_media":0,"parent":815,"menu_order":0,"comment_status":"closed","ping_status":"closed","template":"page-templates\/full-width-page.php","meta":{"_EventAllDay":false,"_EventTimezone":"","_EventStartDate":"","_EventEndDate":"","_EventStartDateUTC":"","_EventEndDateUTC":"","_EventShowMap":false,"_EventShowMapLink":false,"_EventURL":"","_EventCost":"","_EventCostDescription":"","_EventCurrencySymbol":"","_EventCurrencyCode":"","_EventCurrencyPosition":"","_EventDateTimeSeparator":"","_EventTimeRangeSeparator":"","_EventOrganizerID":[],"_EventVenueID":[],"_OrganizerEmail":"","_OrganizerPhone":"","_OrganizerWebsite":"","_VenueAddress":"","_VenueCity":"","_VenueCountry":"","_VenueProvince":"","_VenueState":"","_VenueZip":"","_VenuePhone":"","_VenueURL":"","_VenueStateProvince":"","_VenueLat":"","_VenueLng":"","_VenueShowMap":false,"_VenueShowMapLink":false,"footnotes":""},"class_list":["post-3914","page","type-page","status-publish","hentry"],"yoast_head":"<!-- This site is optimized with the Yoast SEO plugin v27.4 - https:\/\/yoast.com\/product\/yoast-seo-wordpress\/ -->\n<title>Hans Reintjes - Vlierhof<\/title>\n<meta name=\"robots\" content=\"index, follow, max-snippet:-1, max-image-preview:large, max-video-preview:-1\" \/>\n<link rel=\"canonical\" href=\"https:\/\/www.vlierhof.org\/de\/community\/team\/hans-reintjes\/\" \/>\n<meta property=\"og:locale\" content=\"de_DE\" \/>\n<meta property=\"og:type\" content=\"article\" \/>\n<meta property=\"og:title\" content=\"Hans Reintjes - Vlierhof\" \/>\n<meta property=\"og:description\" content=\"Finance, Marketing &amp; Volunteers Hallo allemaal, Voor mij staat Vlierhof gelijk aan welkom. Dit heb ik de laatste jaren al mogen ervaren als vrijwilliger en deelnemer van de gatherings en [&hellip;]\" \/>\n<meta property=\"og:url\" content=\"https:\/\/www.vlierhof.org\/de\/community\/team\/hans-reintjes\/\" \/>\n<meta property=\"og:site_name\" content=\"Vlierhof\" \/>\n<meta property=\"article:modified_time\" content=\"2025-01-29T14:32:49+00:00\" \/>\n<meta name=\"twitter:card\" content=\"summary_large_image\" \/>\n<meta name=\"twitter:label1\" content=\"Gesch\u00e4tzte Lesezeit\" \/>\n\t<meta name=\"twitter:data1\" content=\"2\u00a0Minuten\" \/>\n<script type=\"application\/ld+json\" class=\"yoast-schema-graph\">{\"@context\":\"https:\\\/\\\/schema.org\",\"@graph\":[{\"@type\":\"WebPage\",\"@id\":\"https:\\\/\\\/www.vlierhof.org\\\/community\\\/team\\\/hans-reintjes\\\/\",\"url\":\"https:\\\/\\\/www.vlierhof.org\\\/community\\\/team\\\/hans-reintjes\\\/\",\"name\":\"Hans Reintjes - Vlierhof\",\"isPartOf\":{\"@id\":\"https:\\\/\\\/www.vlierhof.org\\\/#website\"},\"datePublished\":\"2022-03-13T11:03:40+00:00\",\"dateModified\":\"2025-01-29T14:32:49+00:00\",\"breadcrumb\":{\"@id\":\"https:\\\/\\\/www.vlierhof.org\\\/community\\\/team\\\/hans-reintjes\\\/#breadcrumb\"},\"inLanguage\":\"de\",\"potentialAction\":[{\"@type\":\"ReadAction\",\"target\":[\"https:\\\/\\\/www.vlierhof.org\\\/community\\\/team\\\/hans-reintjes\\\/\"]}]},{\"@type\":\"BreadcrumbList\",\"@id\":\"https:\\\/\\\/www.vlierhof.org\\\/community\\\/team\\\/hans-reintjes\\\/#breadcrumb\",\"itemListElement\":[{\"@type\":\"ListItem\",\"position\":1,\"name\":\"Home\",\"item\":\"https:\\\/\\\/www.vlierhof.org\\\/\"},{\"@type\":\"ListItem\",\"position\":2,\"name\":\"Community\",\"item\":\"https:\\\/\\\/www.vlierhof.org\\\/community\\\/\"},{\"@type\":\"ListItem\",\"position\":3,\"name\":\"Teamleden\",\"item\":\"https:\\\/\\\/www.vlierhof.org\\\/community\\\/team\\\/\"},{\"@type\":\"ListItem\",\"position\":4,\"name\":\"Hans Reintjes\"}]},{\"@type\":\"WebSite\",\"@id\":\"https:\\\/\\\/www.vlierhof.org\\\/#website\",\"url\":\"https:\\\/\\\/www.vlierhof.org\\\/\",\"name\":\"Vlierhof\",\"description\":\"ECO-Community &amp; Retreat Center\",\"publisher\":{\"@id\":\"https:\\\/\\\/www.vlierhof.org\\\/#organization\"},\"potentialAction\":[{\"@type\":\"SearchAction\",\"target\":{\"@type\":\"EntryPoint\",\"urlTemplate\":\"https:\\\/\\\/www.vlierhof.org\\\/?s={search_term_string}\"},\"query-input\":{\"@type\":\"PropertyValueSpecification\",\"valueRequired\":true,\"valueName\":\"search_term_string\"}}],\"inLanguage\":\"de\"},{\"@type\":\"Organization\",\"@id\":\"https:\\\/\\\/www.vlierhof.org\\\/#organization\",\"name\":\"Vereniging Vlierhof\",\"url\":\"https:\\\/\\\/www.vlierhof.org\\\/\",\"logo\":{\"@type\":\"ImageObject\",\"inLanguage\":\"de\",\"@id\":\"https:\\\/\\\/www.vlierhof.org\\\/#\\\/schema\\\/logo\\\/image\\\/\",\"url\":\"https:\\\/\\\/www.vlierhof.org\\\/wp-content\\\/uploads\\\/2020\\\/09\\\/download-e1600272278377.jpg\",\"contentUrl\":\"https:\\\/\\\/www.vlierhof.org\\\/wp-content\\\/uploads\\\/2020\\\/09\\\/download-e1600272278377.jpg\",\"width\":150,\"height\":69,\"caption\":\"Vereniging Vlierhof\"},\"image\":{\"@id\":\"https:\\\/\\\/www.vlierhof.org\\\/#\\\/schema\\\/logo\\\/image\\\/\"}}]}<\/script>\n<!-- \/ Yoast SEO plugin. -->","yoast_head_json":{"title":"Hans Reintjes - Vlierhof","robots":{"index":"index","follow":"follow","max-snippet":"max-snippet:-1","max-image-preview":"max-image-preview:large","max-video-preview":"max-video-preview:-1"},"canonical":"https:\/\/www.vlierhof.org\/de\/community\/team\/hans-reintjes\/","og_locale":"de_DE","og_type":"article","og_title":"Hans Reintjes - Vlierhof","og_description":"Finance, Marketing &amp; Volunteers Hallo allemaal, Voor mij staat Vlierhof gelijk aan welkom. Dit heb ik de laatste jaren al mogen ervaren als vrijwilliger en deelnemer van de gatherings en [&hellip;]","og_url":"https:\/\/www.vlierhof.org\/de\/community\/team\/hans-reintjes\/","og_site_name":"Vlierhof","article_modified_time":"2025-01-29T14:32:49+00:00","twitter_card":"summary_large_image","twitter_misc":{"Gesch\u00e4tzte Lesezeit":"2\u00a0Minuten"},"schema":{"@context":"https:\/\/schema.org","@graph":[{"@type":"WebPage","@id":"https:\/\/www.vlierhof.org\/community\/team\/hans-reintjes\/","url":"https:\/\/www.vlierhof.org\/community\/team\/hans-reintjes\/","name":"Hans Reintjes - Vlierhof","isPartOf":{"@id":"https:\/\/www.vlierhof.org\/#website"},"datePublished":"2022-03-13T11:03:40+00:00","dateModified":"2025-01-29T14:32:49+00:00","breadcrumb":{"@id":"https:\/\/www.vlierhof.org\/community\/team\/hans-reintjes\/#breadcrumb"},"inLanguage":"de","potentialAction":[{"@type":"ReadAction","target":["https:\/\/www.vlierhof.org\/community\/team\/hans-reintjes\/"]}]},{"@type":"BreadcrumbList","@id":"https:\/\/www.vlierhof.org\/community\/team\/hans-reintjes\/#breadcrumb","itemListElement":[{"@type":"ListItem","position":1,"name":"Home","item":"https:\/\/www.vlierhof.org\/"},{"@type":"ListItem","position":2,"name":"Community","item":"https:\/\/www.vlierhof.org\/community\/"},{"@type":"ListItem","position":3,"name":"Teamleden","item":"https:\/\/www.vlierhof.org\/community\/team\/"},{"@type":"ListItem","position":4,"name":"Hans Reintjes"}]},{"@type":"WebSite","@id":"https:\/\/www.vlierhof.org\/#website","url":"https:\/\/www.vlierhof.org\/","name":"Vlierhof","description":"ECO-Community &amp; Retreat Center","publisher":{"@id":"https:\/\/www.vlierhof.org\/#organization"},"potentialAction":[{"@type":"SearchAction","target":{"@type":"EntryPoint","urlTemplate":"https:\/\/www.vlierhof.org\/?s={search_term_string}"},"query-input":{"@type":"PropertyValueSpecification","valueRequired":true,"valueName":"search_term_string"}}],"inLanguage":"de"},{"@type":"Organization","@id":"https:\/\/www.vlierhof.org\/#organization","name":"Vereniging Vlierhof","url":"https:\/\/www.vlierhof.org\/","logo":{"@type":"ImageObject","inLanguage":"de","@id":"https:\/\/www.vlierhof.org\/#\/schema\/logo\/image\/","url":"https:\/\/www.vlierhof.org\/wp-content\/uploads\/2020\/09\/download-e1600272278377.jpg","contentUrl":"https:\/\/www.vlierhof.org\/wp-content\/uploads\/2020\/09\/download-e1600272278377.jpg","width":150,"height":69,"caption":"Vereniging Vlierhof"},"image":{"@id":"https:\/\/www.vlierhof.org\/#\/schema\/logo\/image\/"}}]}},"_links":{"self":[{"href":"https:\/\/www.vlierhof.org\/de\/wp-json\/wp\/v2\/pages\/3914","targetHints":{"allow":["GET"]}}],"collection":[{"href":"https:\/\/www.vlierhof.org\/de\/wp-json\/wp\/v2\/pages"}],"about":[{"href":"https:\/\/www.vlierhof.org\/de\/wp-json\/wp\/v2\/types\/page"}],"author":[{"embeddable":true,"href":"https:\/\/www.vlierhof.org\/de\/wp-json\/wp\/v2\/users\/2"}],"replies":[{"embeddable":true,"href":"https:\/\/www.vlierhof.org\/de\/wp-json\/wp\/v2\/comments?post=3914"}],"version-history":[{"count":10,"href":"https:\/\/www.vlierhof.org\/de\/wp-json\/wp\/v2\/pages\/3914\/revisions"}],"predecessor-version":[{"id":10953,"href":"https:\/\/www.vlierhof.org\/de\/wp-json\/wp\/v2\/pages\/3914\/revisions\/10953"}],"up":[{"embeddable":true,"href":"https:\/\/www.vlierhof.org\/de\/wp-json\/wp\/v2\/pages\/815"}],"wp:attachment":[{"href":"https:\/\/www.vlierhof.org\/de\/wp-json\/wp\/v2\/media?parent=3914"}],"curies":[{"name":"wp","href":"https:\/\/api.w.org\/{rel}","templated":true}]}}